{"id":335,"date":"2015-03-19T08:37:47","date_gmt":"2015-03-19T07:37:47","guid":{"rendered":"http:\/\/radvanice.casd.cz\/?page_id=335"},"modified":"2022-09-28T22:24:01","modified_gmt":"2022-09-28T20:24:01","slug":"skupinky","status":"publish","type":"page","link":"https:\/\/radvanice.casd.cz\/?page_id=335","title":{"rendered":"Skupinky"},"content":{"rendered":"<p>Spole\u010dn\u00e9 online modlitebn\u00ed skupinky se studiem Bible prob\u00edhaj\u00ed ka\u017edou st\u0159edu od 18:30 <a href=\"https:\/\/meet.google.com\/ays-dcxs-wyd\">na t\u00e9to adrese<\/a>.<\/p>\n<p><!--\nT\u011bmito skupinkami sledujeme dva c\u00edle. Prvn\u00edm je n\u00e1\u0161 vlastn\u00ed duchovn\u00ed rozvoj, pro kter\u00fd je nejlep\u0161\u00ed prost\u0159ed\u00ed mal\u00e9 skupinky. Druh\u00fd je evangeliza\u010dn\u00ed: \u201eV\u00fdhoda dom\u00e1c\u00edho prost\u0159ed\u00ed\u201c pro na\u0161e p\u0159\u00e1tele.\n\n\n\n\u017del setk\u00e1vat se te\u010f osobn\u011b nen\u00ed mo\u017en\u00e9, ale m\u016f\u017eeme se p\u0159idat ve vlastn\u00edch rodin\u00e1ch ke spole\u010dn\u00fdm modlitb\u00e1m ka\u017ed\u00fd den, bu\u010f v 6:30 r\u00e1no nebo 21:30 ve\u010der. M\u016f\u017eeme se tak\u00e9 p\u0159ipojit k aktivit\u011b \u201e<a href=\"https:\/\/radvanice.casd.cz\/?p=35549\">100 dn\u016f modliteb<\/a>\u201c, kterou po\u0159\u00e1d\u00e1 C\u00edrkev adventist\u016f sedm\u00e9ho dne a je v\u011bnov\u00e1na mimojin\u00e9 t\u00e9matu celosv\u011btov\u00e9 koronavirov\u00e9 pandemie. Nezapom\u00ednejme tak\u00e9 na <a href=\"https:\/\/radvanice.casd.cz\/?cat=57\">p\u0159\u00edmluvn\u00e9 modlitby za jednotliv\u00e9 rodiny v na\u0161em sboru<\/a>. B\u016fh bu\u010f s v\u00e1mi...\n\n<b>Tabulka s \u010dasem skupinek a s kontaktn\u00edmi osobami:<\/b>\n\n\n\n\n\n<table border=\"1\" cellpadding=\"2\" cellspacing=\"0\" width=\"480\" bordercolor=\"#AD7329\" align=\"center\" class=\"cla-text\">\n\n\n<tr>\n\n\n<td style=\"background-color:#CCA447\" width=\"280\">\n<center><b>\u010cas<\/b><\/center>\n<\/td>\n\n\n\n\n<td style=\"background-color:#CCA447\" width=\"200\">\n<center><b>Kontaktn\u00ed osoby<\/b><\/center>\n<\/td>\n\n\n<\/tr>\n\n\n\n\n<tr>\n \n\n<td>st\u0159eda 17.15<br \/>\n<i>(modlitebna CASD v Ostrav\u011b-Radvanic\u00edch)<\/i><\/td>\n\n\n \n\n<td>Marcela Jure\u010dkov\u00e1<\/td>\n\n\n<\/tr>\n\n\n<\/table>\n\n\n--><\/p>\n","protected":false},"excerpt":{"rendered":"<p>Spole\u010dn\u00e9 online modlitebn\u00ed skupinky se studiem Bible prob\u00edhaj\u00ed ka\u017edou st\u0159edu od 18:30 na t\u00e9to adrese.<\/p>\n","protected":false},"author":1,"featured_media":0,"parent":0,"menu_order":0,"comment_status":"closed","ping_status":"open","template":"","meta":{"_monsterinsights_skip_tracking":false,"_monsterinsights_sitenote_active":false,"_monsterinsights_sitenote_note":"","_monsterinsights_sitenote_category":0,"ngg_post_thumbnail":0,"footnotes":""},"class_list":["post-335","page","type-page","status-publish","hentry"],"_links":{"self":[{"href":"https:\/\/radvanice.casd.cz\/index.php?rest_route=\/wp\/v2\/pages\/335","targetHints":{"allow":["GET"]}}],"collection":[{"href":"https:\/\/radvanice.casd.cz\/index.php?rest_route=\/wp\/v2\/pages"}],"about":[{"href":"https:\/\/radvanice.casd.cz\/index.php?rest_route=\/wp\/v2\/types\/page"}],"author":[{"embeddable":true,"href":"https:\/\/radvanice.casd.cz\/index.php?rest_route=\/wp\/v2\/users\/1"}],"replies":[{"embeddable":true,"href":"https:\/\/radvanice.casd.cz\/index.php?rest_route=%2Fwp%2Fv2%2Fcomments&post=335"}],"version-history":[{"count":5,"href":"https:\/\/radvanice.casd.cz\/index.php?rest_route=\/wp\/v2\/pages\/335\/revisions"}],"predecessor-version":[{"id":38306,"href":"https:\/\/radvanice.casd.cz\/index.php?rest_route=\/wp\/v2\/pages\/335\/revisions\/38306"}],"wp:attachment":[{"href":"https:\/\/radvanice.casd.cz\/index.php?rest_route=%2Fwp%2Fv2%2Fmedia&parent=335"}],"curies":[{"name":"wp","href":"https:\/\/api.w.org\/{rel}","templated":true}]}}